{"id":1734,"date":"2019-11-25T18:18:27","date_gmt":"2019-11-25T18:18:27","guid":{"rendered":"https:\/\/ste-clm.com\/permisos\/?page_id=1734"},"modified":"2023-10-26T06:29:55","modified_gmt":"2023-10-26T06:29:55","slug":"deberes-relacionados-con-la-vida-laboral-y-familiar","status":"publish","type":"page","link":"https:\/\/ste-clm.com\/permisos3\/deberes-relacionados-con-la-vida-laboral-y-familiar\/","title":{"rendered":"DEBERES RELACIONADOS CON LA VIDA LABORAL Y FAMILIAR"},"content":{"rendered":"\t\t<div data-elementor-type=\"wp-page\" data-elementor-id=\"1734\" class=\"elementor elementor-1734\">\n\t\t\t\t\t\t<div class=\"elementor-inner\">\n\t\t\t\t<div class=\"elementor-section-wrap\">\n\t\t\t\t\t\t\t\t\t<section class=\"elementor-section elementor-top-section elementor-element elementor-element-65cf3ba elementor-section-boxed elementor-section-height-default elementor-section-height-default\" data-id=\"65cf3ba\" data-element_type=\"section\">\n\t\t\t\t\t\t<div class=\"elementor-container elementor-column-gap-default\">\n\t\t\t\t\t\t\t<div class=\"elementor-row\">\n\t\t\t\t\t<div class=\"elementor-column elementor-col-100 elementor-top-column elementor-element elementor-element-61a4bb7\" data-id=\"61a4bb7\" data-element_type=\"column\">\n\t\t\t<div class=\"elementor-column-wrap elementor-element-populated\">\n\t\t\t\t\t\t\t<div class=\"elementor-widget-wrap\">\n\t\t\t\t\t\t<div class=\"elementor-element elementor-element-38a98db elementor-widget elementor-widget-heading\" data-id=\"38a98db\" data-element_type=\"widget\" data-widget_type=\"heading.default\">\n\t\t\t\t<div class=\"elementor-widget-container\">\n\t\t\t<h1 class=\"elementor-heading-title elementor-size-default\">1. CONCILIACI\u00d3N\n<\/h1>\t\t<\/div>\n\t\t\t\t<\/div>\n\t\t\t\t<div class=\"elementor-element elementor-element-33eabcc elementor-widget elementor-widget-text-editor\" data-id=\"33eabcc\" data-element_type=\"widget\" data-widget_type=\"text-editor.default\">\n\t\t\t\t<div class=\"elementor-widget-container\">\n\t\t\t\t\t\t\t\t<div class=\"elementor-text-editor elementor-clearfix\">\n\t\t\t\t<p style=\"text-align: center;\">Deberes relacionados con la vida laboral y familiar<\/p>\t\t\t\t\t<\/div>\n\t\t\t\t\t\t<\/div>\n\t\t\t\t<\/div>\n\t\t\t\t<div class=\"elementor-element elementor-element-a761314 elementor-grid-eael-col-5 elementor-grid-tablet-eael-col-2 elementor-grid-mobile-eael-col-1 elementor-widget elementor-widget-eael-post-grid\" data-id=\"a761314\" data-element_type=\"widget\" data-settings=\"{&quot;eael_post_grid_columns&quot;:&quot;eael-col-5&quot;,&quot;eael_post_grid_columns_tablet&quot;:&quot;eael-col-2&quot;,&quot;eael_post_grid_columns_mobile&quot;:&quot;eael-col-1&quot;}\" data-widget_type=\"eael-post-grid.default\">\n\t\t\t\t<div class=\"elementor-widget-container\">\n\t\t\t<div id=\"eael-post-grid-a761314\" class=\"eael-post-grid-container\">\n            <div class=\"eael-post-grid eael-post-appender eael-post-appender-a761314 eael-post-grid-style-default\" data-layout-mode=\"masonry\"><article class=\"eael-grid-post eael-post-grid-column\" data-id=\"2432\">\n        <div class=\"eael-grid-post-holder\">\n            <div class=\"eael-grid-post-holder-inner\"><div class=\"eael-entry-media\"><div class=\"eael-entry-overlay fade-in\"><i class=\"fas fa-long-arrow-alt-right\" aria-hidden=\"true\"><\/i><a href=\"https:\/\/ste-clm.com\/permisos3\/reduccion-de-jornada-por-cuidado-de-menor-de-12-anos\/\"><\/a><\/div><div class=\"eael-entry-thumbnail \">\n                <img width=\"234\" height=\"234\" src=\"https:\/\/ste-clm.com\/permisos3\/permisos\/wp-content\/uploads\/2018\/12\/0050_3.png\" class=\"attachment-medium size-medium\" alt=\"\" loading=\"lazy\" srcset=\"https:\/\/ste-clm.com\/permisos3\/permisos\/wp-content\/uploads\/2018\/12\/0050_3.png 234w, https:\/\/ste-clm.com\/permisos3\/permisos\/wp-content\/uploads\/2018\/12\/0050_3-150x150.png 150w, https:\/\/ste-clm.com\/permisos3\/permisos\/wp-content\/uploads\/2018\/12\/0050_3-230x230.png 230w\" sizes=\"(max-width: 234px) 100vw, 234px\" \/>\n            <\/div>\n        <\/div><div class=\"eael-entry-wrapper\"><header class=\"eael-entry-header\"><h2 class=\"eael-entry-title\"><a\n                        class=\"eael-grid-post-link\"\n                        href=\"https:\/\/ste-clm.com\/permisos3\/reduccion-de-jornada-por-cuidado-de-menor-de-12-anos\/\"\n                        title=\"REDUCCI\u00d3N DE JORNADA POR CUIDADO DE MENOR DE 12 A\u00d1OS\">REDUCCI\u00d3N DE JORNADA POR CUIDADO DE MENOR DE 12 A\u00d1OS<\/a><\/h2><\/header><\/div><\/div>\n        <\/div>\n    <\/article><article class=\"eael-grid-post eael-post-grid-column\" data-id=\"2295\">\n        <div class=\"eael-grid-post-holder\">\n            <div class=\"eael-grid-post-holder-inner\"><div class=\"eael-entry-media\"><div class=\"eael-entry-overlay fade-in\"><i class=\"fas fa-long-arrow-alt-right\" aria-hidden=\"true\"><\/i><a href=\"https:\/\/ste-clm.com\/permisos3\/permiso-parental-para-cuidado-de-hijas-os-o-menores-acogidos\/\"><\/a><\/div><div class=\"eael-entry-thumbnail \">\n                <img width=\"234\" height=\"234\" src=\"https:\/\/ste-clm.com\/permisos3\/permisos\/wp-content\/uploads\/2018\/12\/0049_4.png\" class=\"attachment-medium size-medium\" alt=\"\" loading=\"lazy\" srcset=\"https:\/\/ste-clm.com\/permisos3\/permisos\/wp-content\/uploads\/2018\/12\/0049_4.png 234w, https:\/\/ste-clm.com\/permisos3\/permisos\/wp-content\/uploads\/2018\/12\/0049_4-150x150.png 150w, https:\/\/ste-clm.com\/permisos3\/permisos\/wp-content\/uploads\/2018\/12\/0049_4-230x230.png 230w\" sizes=\"(max-width: 234px) 100vw, 234px\" \/>\n            <\/div>\n        <\/div><div class=\"eael-entry-wrapper\"><header class=\"eael-entry-header\"><h2 class=\"eael-entry-title\"><a\n                        class=\"eael-grid-post-link\"\n                        href=\"https:\/\/ste-clm.com\/permisos3\/permiso-parental-para-cuidado-de-hijas-os-o-menores-acogidos\/\"\n                        title=\"PERMISO PARENTAL PARA CUIDADO DE HIJAS\/OS O MENORES ACOGIDOS (Hasta los 8 a\u00f1os)\">PERMISO PARENTAL PARA CUIDADO DE HIJAS\/OS O MENORES ACOGIDOS (Hasta los 8 a\u00f1os)<\/a><\/h2><\/header><\/div><\/div>\n        <\/div>\n    <\/article><article class=\"eael-grid-post eael-post-grid-column\" data-id=\"849\">\n        <div class=\"eael-grid-post-holder\">\n            <div class=\"eael-grid-post-holder-inner\"><div class=\"eael-entry-media\"><div class=\"eael-entry-overlay fade-in\"><i class=\"fas fa-long-arrow-alt-right\" aria-hidden=\"true\"><\/i><a href=\"https:\/\/ste-clm.com\/permisos3\/reduccion-de-jornada-menor-de-12-anos-persona-mayor-que-requiera-especial-dedicacion-o-discapacitado-sin-actividad-retribuida-familiar-hasta-2o-grado-sin-actividad-retribuida-que-no-pueda-valerse\/\"><\/a><\/div><div class=\"eael-entry-thumbnail \">\n                <img width=\"234\" height=\"234\" src=\"https:\/\/ste-clm.com\/permisos3\/permisos\/wp-content\/uploads\/2018\/12\/0027_27.png\" class=\"attachment-medium size-medium\" alt=\"\" loading=\"lazy\" srcset=\"https:\/\/ste-clm.com\/permisos3\/permisos\/wp-content\/uploads\/2018\/12\/0027_27.png 234w, https:\/\/ste-clm.com\/permisos3\/permisos\/wp-content\/uploads\/2018\/12\/0027_27-150x150.png 150w, https:\/\/ste-clm.com\/permisos3\/permisos\/wp-content\/uploads\/2018\/12\/0027_27-230x230.png 230w\" sizes=\"(max-width: 234px) 100vw, 234px\" \/>\n            <\/div>\n        <\/div><div class=\"eael-entry-wrapper\"><header class=\"eael-entry-header\"><h2 class=\"eael-entry-title\"><a\n                        class=\"eael-grid-post-link\"\n                        href=\"https:\/\/ste-clm.com\/permisos3\/reduccion-de-jornada-menor-de-12-anos-persona-mayor-que-requiera-especial-dedicacion-o-discapacitado-sin-actividad-retribuida-familiar-hasta-2o-grado-sin-actividad-retribuida-que-no-pueda-valerse\/\"\n                        title=\"REDUCCI\u00d3N DE JORNADA POR CUIDADO DE PERSONA MAYOR QUE REQUIERA ESPECIAL DEDICACI\u00d3N O DISCAPACITADO SIN ACTIVIDAD RETRIBUIDA. FAMILIAR HASTA 2\u00ba GRADO SIN ACTIVIDAD RETRIBUIDA, QUE NO PUEDA VALERSE\">REDUCCI\u00d3N DE JORNADA POR CUIDADO DE PERSONA MAYOR QUE REQUIERA ESPECIAL DEDICACI\u00d3N O DISCAPACITADO SIN ACTIVIDAD RETRIBUIDA. FAMILIAR HASTA 2\u00ba GRADO SIN ACTIVIDAD RETRIBUIDA, QUE NO PUEDA VALERSE<\/a><\/h2><\/header><\/div><\/div>\n        <\/div>\n    <\/article><article class=\"eael-grid-post eael-post-grid-column\" data-id=\"822\">\n        <div class=\"eael-grid-post-holder\">\n            <div class=\"eael-grid-post-holder-inner\"><div class=\"eael-entry-media\"><div class=\"eael-entry-overlay fade-in\"><i class=\"fas fa-long-arrow-alt-right\" aria-hidden=\"true\"><\/i><a href=\"https:\/\/ste-clm.com\/permisos3\/acompanantes-a-asistencia-medica-de-conyuge-o-familiar-de-primer-grado\/\"><\/a><\/div><div class=\"eael-entry-thumbnail \">\n                <img width=\"234\" height=\"234\" src=\"https:\/\/ste-clm.com\/permisos3\/permisos\/wp-content\/uploads\/2018\/12\/0033_21.png\" class=\"attachment-medium size-medium\" alt=\"\" loading=\"lazy\" srcset=\"https:\/\/ste-clm.com\/permisos3\/permisos\/wp-content\/uploads\/2018\/12\/0033_21.png 234w, https:\/\/ste-clm.com\/permisos3\/permisos\/wp-content\/uploads\/2018\/12\/0033_21-150x150.png 150w, https:\/\/ste-clm.com\/permisos3\/permisos\/wp-content\/uploads\/2018\/12\/0033_21-230x230.png 230w\" sizes=\"(max-width: 234px) 100vw, 234px\" \/>\n            <\/div>\n        <\/div><div class=\"eael-entry-wrapper\"><header class=\"eael-entry-header\"><h2 class=\"eael-entry-title\"><a\n                        class=\"eael-grid-post-link\"\n                        href=\"https:\/\/ste-clm.com\/permisos3\/acompanantes-a-asistencia-medica-de-conyuge-o-familiar-de-primer-grado\/\"\n                        title=\"ACOMPA\u00d1AMIENTO A ASISTENCIA M\u00c9DICA DE C\u00d3NYUGE O FAMILIAR DE PRIMER GRADO\">ACOMPA\u00d1AMIENTO A ASISTENCIA M\u00c9DICA DE C\u00d3NYUGE O FAMILIAR DE PRIMER GRADO<\/a><\/h2><\/header><\/div><\/div>\n        <\/div>\n    <\/article><article class=\"eael-grid-post eael-post-grid-column\" data-id=\"818\">\n        <div class=\"eael-grid-post-holder\">\n            <div class=\"eael-grid-post-holder-inner\"><div class=\"eael-entry-media\"><div class=\"eael-entry-overlay fade-in\"><i class=\"fas fa-long-arrow-alt-right\" aria-hidden=\"true\"><\/i><a href=\"https:\/\/ste-clm.com\/permisos3\/flexibilidad-horaria-por-enfermedad-de-hijos-as-menores-de-12-anos\/\"><\/a><\/div><div class=\"eael-entry-thumbnail \">\n                <img width=\"234\" height=\"234\" src=\"https:\/\/ste-clm.com\/permisos3\/permisos\/wp-content\/uploads\/2018\/12\/0034_20.png\" class=\"attachment-medium size-medium\" alt=\"\" loading=\"lazy\" srcset=\"https:\/\/ste-clm.com\/permisos3\/permisos\/wp-content\/uploads\/2018\/12\/0034_20.png 234w, https:\/\/ste-clm.com\/permisos3\/permisos\/wp-content\/uploads\/2018\/12\/0034_20-150x150.png 150w, https:\/\/ste-clm.com\/permisos3\/permisos\/wp-content\/uploads\/2018\/12\/0034_20-230x230.png 230w\" sizes=\"(max-width: 234px) 100vw, 234px\" \/>\n            <\/div>\n        <\/div><div class=\"eael-entry-wrapper\"><header class=\"eael-entry-header\"><h2 class=\"eael-entry-title\"><a\n                        class=\"eael-grid-post-link\"\n                        href=\"https:\/\/ste-clm.com\/permisos3\/flexibilidad-horaria-por-enfermedad-de-hijos-as-menores-de-12-anos\/\"\n                        title=\"FLEXIBILIDAD HORARIA POR ENFERMEDAD DE HIJOS\/AS MENORES DE 12 A\u00d1OS\">FLEXIBILIDAD HORARIA POR ENFERMEDAD DE HIJOS\/AS MENORES DE 12 A\u00d1OS<\/a><\/h2><\/header><\/div><\/div>\n        <\/div>\n    <\/article><article class=\"eael-grid-post eael-post-grid-column\" data-id=\"765\">\n        <div class=\"eael-grid-post-holder\">\n            <div class=\"eael-grid-post-holder-inner\"><div class=\"eael-entry-media\"><div class=\"eael-entry-overlay fade-in\"><i class=\"fas fa-long-arrow-alt-right\" aria-hidden=\"true\"><\/i><a href=\"https:\/\/ste-clm.com\/permisos3\/proteccion-de-la-maternidad\/\"><\/a><\/div><div class=\"eael-entry-thumbnail \">\n                <img width=\"234\" height=\"234\" src=\"https:\/\/ste-clm.com\/permisos3\/permisos\/wp-content\/uploads\/2018\/12\/0045_8.png\" class=\"attachment-medium size-medium\" alt=\"\" loading=\"lazy\" srcset=\"https:\/\/ste-clm.com\/permisos3\/permisos\/wp-content\/uploads\/2018\/12\/0045_8.png 234w, https:\/\/ste-clm.com\/permisos3\/permisos\/wp-content\/uploads\/2018\/12\/0045_8-150x150.png 150w, https:\/\/ste-clm.com\/permisos3\/permisos\/wp-content\/uploads\/2018\/12\/0045_8-230x230.png 230w\" sizes=\"(max-width: 234px) 100vw, 234px\" \/>\n            <\/div>\n        <\/div><div class=\"eael-entry-wrapper\"><header class=\"eael-entry-header\"><h2 class=\"eael-entry-title\"><a\n                        class=\"eael-grid-post-link\"\n                        href=\"https:\/\/ste-clm.com\/permisos3\/proteccion-de-la-maternidad\/\"\n                        title=\"PROTECCI\u00d3N DE LA MATERNIDAD\">PROTECCI\u00d3N DE LA MATERNIDAD<\/a><\/h2><\/header><\/div><\/div>\n        <\/div>\n    <\/article><article class=\"eael-grid-post eael-post-grid-column\" data-id=\"761\">\n        <div class=\"eael-grid-post-holder\">\n            <div class=\"eael-grid-post-holder-inner\"><div class=\"eael-entry-media\"><div class=\"eael-entry-overlay fade-in\"><i class=\"fas fa-long-arrow-alt-right\" aria-hidden=\"true\"><\/i><a href=\"https:\/\/ste-clm.com\/permisos3\/dias-de-libre-disposicion\/\"><\/a><\/div><div class=\"eael-entry-thumbnail \">\n                <img width=\"234\" height=\"234\" src=\"https:\/\/ste-clm.com\/permisos3\/permisos\/wp-content\/uploads\/2018\/12\/0046_7.png\" class=\"attachment-medium size-medium\" alt=\"\" loading=\"lazy\" srcset=\"https:\/\/ste-clm.com\/permisos3\/permisos\/wp-content\/uploads\/2018\/12\/0046_7.png 234w, https:\/\/ste-clm.com\/permisos3\/permisos\/wp-content\/uploads\/2018\/12\/0046_7-150x150.png 150w, https:\/\/ste-clm.com\/permisos3\/permisos\/wp-content\/uploads\/2018\/12\/0046_7-230x230.png 230w\" sizes=\"(max-width: 234px) 100vw, 234px\" \/>\n            <\/div>\n        <\/div><div class=\"eael-entry-wrapper\"><header class=\"eael-entry-header\"><h2 class=\"eael-entry-title\"><a\n                        class=\"eael-grid-post-link\"\n                        href=\"https:\/\/ste-clm.com\/permisos3\/dias-de-libre-disposicion\/\"\n                        title=\"D\u00cdAS DE LIBRE DISPOSICI\u00d3N (Moscosos)\">D\u00cdAS DE LIBRE DISPOSICI\u00d3N (Moscosos)<\/a><\/h2><\/header><\/div><\/div>\n        <\/div>\n    <\/article><article class=\"eael-grid-post eael-post-grid-column\" data-id=\"757\">\n        <div class=\"eael-grid-post-holder\">\n            <div class=\"eael-grid-post-holder-inner\"><div class=\"eael-entry-media\"><div class=\"eael-entry-overlay fade-in\"><i class=\"fas fa-long-arrow-alt-right\" aria-hidden=\"true\"><\/i><a href=\"https:\/\/ste-clm.com\/permisos3\/reduccion-voluntaria-de-la-jornada\/\"><\/a><\/div><div class=\"eael-entry-thumbnail \">\n                <img width=\"234\" height=\"234\" src=\"https:\/\/ste-clm.com\/permisos3\/permisos\/wp-content\/uploads\/2018\/12\/0047_6.png\" class=\"attachment-medium size-medium\" alt=\"\" loading=\"lazy\" srcset=\"https:\/\/ste-clm.com\/permisos3\/permisos\/wp-content\/uploads\/2018\/12\/0047_6.png 234w, https:\/\/ste-clm.com\/permisos3\/permisos\/wp-content\/uploads\/2018\/12\/0047_6-150x150.png 150w, https:\/\/ste-clm.com\/permisos3\/permisos\/wp-content\/uploads\/2018\/12\/0047_6-230x230.png 230w\" sizes=\"(max-width: 234px) 100vw, 234px\" \/>\n            <\/div>\n        <\/div><div class=\"eael-entry-wrapper\"><header class=\"eael-entry-header\"><h2 class=\"eael-entry-title\"><a\n                        class=\"eael-grid-post-link\"\n                        href=\"https:\/\/ste-clm.com\/permisos3\/reduccion-voluntaria-de-la-jornada\/\"\n                        title=\"REDUCCI\u00d3N VOLUNTARIA DE LA JORNADA\">REDUCCI\u00d3N VOLUNTARIA DE LA JORNADA<\/a><\/h2><\/header><\/div><\/div>\n        <\/div>\n    <\/article><article class=\"eael-grid-post eael-post-grid-column\" data-id=\"747\">\n        <div class=\"eael-grid-post-holder\">\n            <div class=\"eael-grid-post-holder-inner\"><div class=\"eael-entry-media\"><div class=\"eael-entry-overlay fade-in\"><i class=\"fas fa-long-arrow-alt-right\" aria-hidden=\"true\"><\/i><a href=\"https:\/\/ste-clm.com\/permisos3\/flexibilidad-horaria-por-asistir-a-tutorias\/\"><\/a><\/div><div class=\"eael-entry-thumbnail \">\n                <img width=\"234\" height=\"234\" src=\"https:\/\/ste-clm.com\/permisos3\/permisos\/wp-content\/uploads\/2018\/12\/0048_5.png\" class=\"attachment-medium size-medium\" alt=\"\" loading=\"lazy\" srcset=\"https:\/\/ste-clm.com\/permisos3\/permisos\/wp-content\/uploads\/2018\/12\/0048_5.png 234w, https:\/\/ste-clm.com\/permisos3\/permisos\/wp-content\/uploads\/2018\/12\/0048_5-150x150.png 150w, https:\/\/ste-clm.com\/permisos3\/permisos\/wp-content\/uploads\/2018\/12\/0048_5-230x230.png 230w\" sizes=\"(max-width: 234px) 100vw, 234px\" \/>\n            <\/div>\n        <\/div><div class=\"eael-entry-wrapper\"><header class=\"eael-entry-header\"><h2 class=\"eael-entry-title\"><a\n                        class=\"eael-grid-post-link\"\n                        href=\"https:\/\/ste-clm.com\/permisos3\/flexibilidad-horaria-por-asistir-a-tutorias\/\"\n                        title=\"FLEXIBILIDAD HORARIA POR ASISTIR A TUTOR\u00cdAS\">FLEXIBILIDAD HORARIA POR ASISTIR A TUTOR\u00cdAS<\/a><\/h2><\/header><\/div><\/div>\n        <\/div>\n    <\/article><article class=\"eael-grid-post eael-post-grid-column\" data-id=\"743\">\n        <div class=\"eael-grid-post-holder\">\n            <div class=\"eael-grid-post-holder-inner\"><div class=\"eael-entry-media\"><div class=\"eael-entry-overlay fade-in\"><i class=\"fas fa-long-arrow-alt-right\" aria-hidden=\"true\"><\/i><a href=\"https:\/\/ste-clm.com\/permisos3\/flexibilidad-horaria-por-interes-particular\/\"><\/a><\/div><div class=\"eael-entry-thumbnail \">\n                <img width=\"234\" height=\"234\" src=\"https:\/\/ste-clm.com\/permisos3\/permisos\/wp-content\/uploads\/2018\/12\/0049_4.png\" class=\"attachment-medium size-medium\" alt=\"\" loading=\"lazy\" srcset=\"https:\/\/ste-clm.com\/permisos3\/permisos\/wp-content\/uploads\/2018\/12\/0049_4.png 234w, https:\/\/ste-clm.com\/permisos3\/permisos\/wp-content\/uploads\/2018\/12\/0049_4-150x150.png 150w, https:\/\/ste-clm.com\/permisos3\/permisos\/wp-content\/uploads\/2018\/12\/0049_4-230x230.png 230w\" sizes=\"(max-width: 234px) 100vw, 234px\" \/>\n            <\/div>\n        <\/div><div class=\"eael-entry-wrapper\"><header class=\"eael-entry-header\"><h2 class=\"eael-entry-title\"><a\n                        class=\"eael-grid-post-link\"\n                        href=\"https:\/\/ste-clm.com\/permisos3\/flexibilidad-horaria-por-interes-particular\/\"\n                        title=\"FLEXIBILIDAD HORARIA POR INTER\u00c9S PARTICULAR\">FLEXIBILIDAD HORARIA POR INTER\u00c9S PARTICULAR<\/a><\/h2><\/header><\/div><\/div>\n        <\/div>\n    <\/article><article class=\"eael-grid-post eael-post-grid-column\" data-id=\"723\">\n        <div class=\"eael-grid-post-holder\">\n            <div class=\"eael-grid-post-holder-inner\"><div class=\"eael-entry-media\"><div class=\"eael-entry-overlay fade-in\"><i class=\"fas fa-long-arrow-alt-right\" aria-hidden=\"true\"><\/i><a href=\"https:\/\/ste-clm.com\/permisos3\/inicio-escalonado-de-las-actividades-lectivas-de-los-as-hijos-as\/\"><\/a><\/div><div class=\"eael-entry-thumbnail \">\n                <img width=\"234\" height=\"234\" src=\"https:\/\/ste-clm.com\/permisos3\/permisos\/wp-content\/uploads\/2018\/12\/0050_3.png\" class=\"attachment-medium size-medium\" alt=\"\" loading=\"lazy\" srcset=\"https:\/\/ste-clm.com\/permisos3\/permisos\/wp-content\/uploads\/2018\/12\/0050_3.png 234w, https:\/\/ste-clm.com\/permisos3\/permisos\/wp-content\/uploads\/2018\/12\/0050_3-150x150.png 150w, https:\/\/ste-clm.com\/permisos3\/permisos\/wp-content\/uploads\/2018\/12\/0050_3-230x230.png 230w\" sizes=\"(max-width: 234px) 100vw, 234px\" \/>\n            <\/div>\n        <\/div><div class=\"eael-entry-wrapper\"><header class=\"eael-entry-header\"><h2 class=\"eael-entry-title\"><a\n                        class=\"eael-grid-post-link\"\n                        href=\"https:\/\/ste-clm.com\/permisos3\/inicio-escalonado-de-las-actividades-lectivas-de-los-as-hijos-as\/\"\n                        title=\"INICIO ESCALONADO DE LAS ACTIVIDADES LECTIVAS DE LOS\/AS HIJOS\/AS\">INICIO ESCALONADO DE LAS ACTIVIDADES LECTIVAS DE LOS\/AS HIJOS\/AS<\/a><\/h2><\/header><\/div><\/div>\n        <\/div>\n    <\/article><\/div>\n            <div class=\"clearfix\"><\/div>\n        <\/div>\t\t<\/div>\n\t\t\t\t<\/div>\n\t\t\t\t\t\t<\/div>\n\t\t\t\t\t<\/div>\n\t\t<\/div>\n\t\t\t\t\t\t\t\t<\/div>\n\t\t\t\t\t<\/div>\n\t\t<\/section>\n\t\t\t\t\t\t\t\t\t<\/div>\n\t\t\t<\/div>\n\t\t\t\t\t<\/div>\n\t\t","protected":false},"excerpt":{"rendered":"<p> [&hellip;]<\/p>\n","protected":false},"author":1,"featured_media":0,"parent":0,"menu_order":0,"comment_status":"closed","ping_status":"closed","template":"elementor_header_footer","meta":[],"_links":{"self":[{"href":"https:\/\/ste-clm.com\/permisos3\/wp-json\/wp\/v2\/pages\/1734"}],"collection":[{"href":"https:\/\/ste-clm.com\/permisos3\/wp-json\/wp\/v2\/pages"}],"about":[{"href":"https:\/\/ste-clm.com\/permisos3\/wp-json\/wp\/v2\/types\/page"}],"author":[{"embeddable":true,"href":"https:\/\/ste-clm.com\/permisos3\/wp-json\/wp\/v2\/users\/1"}],"replies":[{"embeddable":true,"href":"https:\/\/ste-clm.com\/permisos3\/wp-json\/wp\/v2\/comments?post=1734"}],"version-history":[{"count":6,"href":"https:\/\/ste-clm.com\/permisos3\/wp-json\/wp\/v2\/pages\/1734\/revisions"}],"predecessor-version":[{"id":2552,"href":"https:\/\/ste-clm.com\/permisos3\/wp-json\/wp\/v2\/pages\/1734\/revisions\/2552"}],"wp:attachment":[{"href":"https:\/\/ste-clm.com\/permisos3\/wp-json\/wp\/v2\/media?parent=1734"}],"curies":[{"name":"wp","href":"https:\/\/api.w.org\/{rel}","templated":true}]}}