{"id":1663,"date":"2019-11-16T11:45:19","date_gmt":"2019-11-16T11:45:19","guid":{"rendered":"https:\/\/ste-clm.com\/permisos\/?page_id=1663"},"modified":"2023-10-24T08:19:45","modified_gmt":"2023-10-24T08:19:45","slug":"plan-concilia-ii","status":"publish","type":"page","link":"https:\/\/ste-clm.com\/permisos3\/plan-concilia-ii\/","title":{"rendered":"Plan Concilia II"},"content":{"rendered":"\t\t<div data-elementor-type=\"wp-page\" data-elementor-id=\"1663\" class=\"elementor elementor-1663\">\n\t\t\t\t\t\t<div class=\"elementor-inner\">\n\t\t\t\t<div class=\"elementor-section-wrap\">\n\t\t\t\t\t\t\t\t\t<section class=\"elementor-section elementor-top-section elementor-element elementor-element-43e7160 elementor-section-stretched elementor-section-boxed elementor-section-height-default elementor-section-height-default\" data-id=\"43e7160\" data-element_type=\"section\" data-settings=\"{&quot;stretch_section&quot;:&quot;section-stretched&quot;,&quot;background_background&quot;:&quot;classic&quot;}\">\n\t\t\t\t\t\t<div class=\"elementor-container elementor-column-gap-default\">\n\t\t\t\t\t\t\t<div class=\"elementor-row\">\n\t\t\t\t\t<div class=\"elementor-column elementor-col-50 elementor-top-column elementor-element elementor-element-df5e143\" data-id=\"df5e143\" data-element_type=\"column\">\n\t\t\t<div class=\"elementor-column-wrap elementor-element-populated\">\n\t\t\t\t\t\t\t<div class=\"elementor-widget-wrap\">\n\t\t\t\t\t\t<div class=\"elementor-element elementor-element-7163e9e elementor-widget elementor-widget-heading\" data-id=\"7163e9e\" data-element_type=\"widget\" data-widget_type=\"heading.default\">\n\t\t\t\t<div class=\"elementor-widget-container\">\n\t\t\t<h1 class=\"elementor-heading-title elementor-size-default\">APROBADO EL II PLAN CONCILIA: Unos sindicatos firmando y otros negociando<\/h1>\t\t<\/div>\n\t\t\t\t<\/div>\n\t\t\t\t<div class=\"elementor-element elementor-element-3df83cd elementor-widget elementor-widget-text-editor\" data-id=\"3df83cd\" data-element_type=\"widget\" data-widget_type=\"text-editor.default\">\n\t\t\t\t<div class=\"elementor-widget-container\">\n\t\t\t\t\t\t\t\t<div class=\"elementor-text-editor elementor-clearfix\">\n\t\t\t\t<p><strong><span lang=\"es-ES\">El martes 19 de junio de 2018 se firm\u00f3, en el Palacio de Fuensalida, el II Plan Concilia, cuyo objetivo es mejorar la conciliaci\u00f3n de la vida personal, familiar y laboral.<\/span><\/strong><strong><span lang=\"es-ES\"><b>&nbsp;Este Plan ha sido firmado por todos los sindicatos menos por Intersindical-CLM (STE y STAS).<\/b><\/span><\/strong><\/p>\t\t\t\t\t<\/div>\n\t\t\t\t\t\t<\/div>\n\t\t\t\t<\/div>\n\t\t\t\t\t\t<\/div>\n\t\t\t\t\t<\/div>\n\t\t<\/div>\n\t\t\t\t<div class=\"elementor-column elementor-col-50 elementor-top-column elementor-element elementor-element-d9097fa\" data-id=\"d9097fa\" data-element_type=\"column\">\n\t\t\t<div class=\"elementor-column-wrap elementor-element-populated\">\n\t\t\t\t\t\t\t<div class=\"elementor-widget-wrap\">\n\t\t\t\t\t\t<div class=\"elementor-element elementor-element-ff36309 elementor-widget elementor-widget-image\" data-id=\"ff36309\" data-element_type=\"widget\" data-widget_type=\"image.default\">\n\t\t\t\t<div class=\"elementor-widget-container\">\n\t\t\t\t\t\t\t\t<div class=\"elementor-image\">\n\t\t\t\t\t\t\t\t\t\t\t\t<img width=\"790\" height=\"463\" src=\"https:\/\/ste-clm.com\/permisos3\/permisos\/wp-content\/uploads\/2019\/11\/concilia.jpg\" class=\"attachment-large size-large\" alt=\"\" loading=\"lazy\" srcset=\"https:\/\/ste-clm.com\/permisos3\/permisos\/wp-content\/uploads\/2019\/11\/concilia.jpg 790w, https:\/\/ste-clm.com\/permisos3\/permisos\/wp-content\/uploads\/2019\/11\/concilia-300x176.jpg 300w, https:\/\/ste-clm.com\/permisos3\/permisos\/wp-content\/uploads\/2019\/11\/concilia-768x450.jpg 768w, https:\/\/ste-clm.com\/permisos3\/permisos\/wp-content\/uploads\/2019\/11\/concilia-230x135.jpg 230w, https:\/\/ste-clm.com\/permisos3\/permisos\/wp-content\/uploads\/2019\/11\/concilia-350x205.jpg 350w, https:\/\/ste-clm.com\/permisos3\/permisos\/wp-content\/uploads\/2019\/11\/concilia-480x281.jpg 480w\" sizes=\"(max-width: 790px) 100vw, 790px\" \/>\t\t\t\t\t\t\t\t\t\t\t\t\t\t<\/div>\n\t\t\t\t\t\t<\/div>\n\t\t\t\t<\/div>\n\t\t\t\t<div class=\"elementor-element elementor-element-5dba97b elementor-align-center elementor-widget elementor-widget-button\" data-id=\"5dba97b\" data-element_type=\"widget\" data-widget_type=\"button.default\">\n\t\t\t\t<div class=\"elementor-widget-container\">\n\t\t\t\t\t<div class=\"elementor-button-wrapper\">\n\t\t\t<a href=\"https:\/\/ste-clm.com\/wp-content\/uploads\/2018\/06\/180620-Aprobado-II-Plan-Concilia-Unos-sindicatos-firmsn-y-otros-negocian.pdf\" target=\"_blank\" class=\"elementor-button-link elementor-button elementor-size-sm\" role=\"button\">\n\t\t\t\t\t\t<span class=\"elementor-button-content-wrapper\">\n\t\t\t\t\t\t<span class=\"elementor-button-text\">Comunicado de STE-CLM<\/span>\n\t\t<\/span>\n\t\t\t\t\t<\/a>\n\t\t<\/div>\n\t\t\t\t<\/div>\n\t\t\t\t<\/div>\n\t\t\t\t\t\t<\/div>\n\t\t\t\t\t<\/div>\n\t\t<\/div>\n\t\t\t\t\t\t\t\t<\/div>\n\t\t\t\t\t<\/div>\n\t\t<\/section>\n\t\t\t\t<section class=\"elementor-section elementor-top-section elementor-element elementor-element-94aa71f elementor-section-stretched elementor-section-boxed elementor-section-height-default elementor-section-height-default\" data-id=\"94aa71f\" data-element_type=\"section\" data-settings=\"{&quot;stretch_section&quot;:&quot;section-stretched&quot;,&quot;background_background&quot;:&quot;classic&quot;}\">\n\t\t\t\t\t\t<div class=\"elementor-container elementor-column-gap-default\">\n\t\t\t\t\t\t\t<div class=\"elementor-row\">\n\t\t\t\t\t<div class=\"elementor-column elementor-col-100 elementor-top-column elementor-element elementor-element-69d6685\" data-id=\"69d6685\" data-element_type=\"column\">\n\t\t\t<div class=\"elementor-column-wrap elementor-element-populated\">\n\t\t\t\t\t\t\t<div class=\"elementor-widget-wrap\">\n\t\t\t\t\t\t<div class=\"elementor-element elementor-element-6fa5c0b elementor-widget elementor-widget-text-editor\" data-id=\"6fa5c0b\" data-element_type=\"widget\" data-widget_type=\"text-editor.default\">\n\t\t\t\t<div class=\"elementor-widget-container\">\n\t\t\t\t\t\t\t\t<div class=\"elementor-text-editor elementor-clearfix\">\n\t\t\t\t<p>Con todo esto, ha sido publicado en el DOCM la <span style=\"color: #c0271c;\"><a style=\"color: #c0271c;\" href=\"https:\/\/ste-clm.com\/wp-content\/uploads\/2018\/07\/2018_8934.pdf\" target=\"_blank\" rel=\"noopener\">Resoluci\u00f3n de 19\/06\/2018<\/a><\/span>, de la Secretar\u00eda General de Hacienda y Administraciones P\u00fablicas, por la que se dispone la publicaci\u00f3n de la\u00a0<strong>ratificaci\u00f3n del Acuerdo de la Mesa General de Negociaci\u00f3n de los Empleados P\u00fablicos de 24\/05\/2018, por el que se establece el II Plan para la conciliaci\u00f3n de la vida personal, familiar y laboral de las empleadas p\u00fablicas y de los empleados p\u00fablicos de la Administraci\u00f3n de la Junta de Comunidades de Castilla-La Mancha<\/strong>.<\/p>\t\t\t\t\t<\/div>\n\t\t\t\t\t\t<\/div>\n\t\t\t\t<\/div>\n\t\t\t\t<div class=\"elementor-element elementor-element-40dd454 elementor-align-center elementor-widget elementor-widget-button\" data-id=\"40dd454\" data-element_type=\"widget\" data-widget_type=\"button.default\">\n\t\t\t\t<div class=\"elementor-widget-container\">\n\t\t\t\t\t<div class=\"elementor-button-wrapper\">\n\t\t\t<a href=\"https:\/\/www.stas-clm.com\/wp-content\/uploads\/2018\/06\/II-PLAN-CONCILIA.pdf\" target=\"_blank\" class=\"elementor-button-link elementor-button elementor-size-sm\" role=\"button\">\n\t\t\t\t\t\t<span class=\"elementor-button-content-wrapper\">\n\t\t\t\t\t\t<span class=\"elementor-button-text\">Plan Concilia II<\/span>\n\t\t<\/span>\n\t\t\t\t\t<\/a>\n\t\t<\/div>\n\t\t\t\t<\/div>\n\t\t\t\t<\/div>\n\t\t\t\t\t\t<\/div>\n\t\t\t\t\t<\/div>\n\t\t<\/div>\n\t\t\t\t\t\t\t\t<\/div>\n\t\t\t\t\t<\/div>\n\t\t<\/section>\n\t\t\t\t\t\t\t\t\t<\/div>\n\t\t\t<\/div>\n\t\t\t\t\t<\/div>\n\t\t","protected":false},"excerpt":{"rendered":"<p> [&hellip;]<\/p>\n","protected":false},"author":1,"featured_media":0,"parent":0,"menu_order":0,"comment_status":"closed","ping_status":"closed","template":"elementor_header_footer","meta":[],"_links":{"self":[{"href":"https:\/\/ste-clm.com\/permisos3\/wp-json\/wp\/v2\/pages\/1663"}],"collection":[{"href":"https:\/\/ste-clm.com\/permisos3\/wp-json\/wp\/v2\/pages"}],"about":[{"href":"https:\/\/ste-clm.com\/permisos3\/wp-json\/wp\/v2\/types\/page"}],"author":[{"embeddable":true,"href":"https:\/\/ste-clm.com\/permisos3\/wp-json\/wp\/v2\/users\/1"}],"replies":[{"embeddable":true,"href":"https:\/\/ste-clm.com\/permisos3\/wp-json\/wp\/v2\/comments?post=1663"}],"version-history":[{"count":3,"href":"https:\/\/ste-clm.com\/permisos3\/wp-json\/wp\/v2\/pages\/1663\/revisions"}],"predecessor-version":[{"id":2473,"href":"https:\/\/ste-clm.com\/permisos3\/wp-json\/wp\/v2\/pages\/1663\/revisions\/2473"}],"wp:attachment":[{"href":"https:\/\/ste-clm.com\/permisos3\/wp-json\/wp\/v2\/media?parent=1663"}],"curies":[{"name":"wp","href":"https:\/\/api.w.org\/{rel}","templated":true}]}}