{"id":1258,"date":"2018-12-11T12:20:15","date_gmt":"2018-12-11T12:20:15","guid":{"rendered":"https:\/\/ste-clm.com\/permisos\/?page_id=1258"},"modified":"2018-12-12T18:45:11","modified_gmt":"2018-12-12T18:45:11","slug":"normativa","status":"publish","type":"page","link":"https:\/\/ste-clm.com\/permisos3\/normativa\/","title":{"rendered":"RELACI\u00d3N DE NORMATIVA PARA PERMISOS Y LICENCIAS"},"content":{"rendered":"\n<p><a href=\"https:\/\/docm.castillalamancha.es\/portaldocm\/descargarArchivo.do?ruta=2018\/06\/21\/pdf\/2018_7394.pdf&amp;tipo=rutaDocm\" target=\"_blank\" rel=\"noreferrer noopener\" aria-label=\"Resoluci\u00f3n de 19\/06\/2018, de la Secretar\u00eda General de Hacienda y Administraciones P\u00fablicas, por la que se dispone la publicaci\u00f3n de la ratificaci\u00f3n del Acuerdo de la Mesa General de Negociaci\u00f3n de los Empleados P\u00fablicos de 24\/05\/2018, por el que se establece el II Plan para la conciliaci\u00f3n de la vida personal, familiar y laboral de las empleadas p\u00fablicas y de los empleados p\u00fablicos de la Administraci\u00f3n de la Junta de Comunidades de Castilla-La Mancha. [2018\/7394] (opens in a new tab)\">Resoluci\u00f3n de 19\/06\/2018, de la Secretar\u00eda General de Hacienda y Administraciones P\u00fablicas, por la que se dispone la publicaci\u00f3n de la ratificaci\u00f3n del Acuerdo de la Mesa General de Negociaci\u00f3n de los Empleados P\u00fablicos de 24\/05\/2018, por el que se establece el II Plan para la conciliaci\u00f3n de la vida personal, familiar y laboral de las empleadas p\u00fablicas y de los empleados p\u00fablicos de la Administraci\u00f3n de la Junta de Comunidades de Castilla-La Mancha. [2018\/7394]<\/a><\/p>\n\n\n\n<hr class=\"wp-block-separator\"\/>\n\n\n\n<p><a href=\"https:\/\/docm.castillalamancha.es\/portaldocm\/descargarArchivo.do?ruta=2018\/07\/31\/pdf\/2018_8934.pdf&amp;tipo=rutaDocm\" target=\"_blank\" rel=\"noreferrer noopener\" aria-label=\"Resoluci\u00f3n de 23\/07\/2018, de la Secretar\u00eda General, por la que se dispone la publicaci\u00f3n del acuerdo de la mesa sectorial del personal docente no universitario relativo a las medidas complementarias al II Plan para la conciliaci\u00f3n de la vida personal, familiar y laboral de las empleadas p\u00fablicas y de los empleados p\u00fablicos de la Administraci\u00f3n de la Junta de Comunidades de Castilla-La Mancha. [2018\/8934] (opens in a new tab)\">Resoluci\u00f3n de 23\/07\/2018, de la Secretar\u00eda General, por la que se dispone la publicaci\u00f3n del acuerdo de la mesa sectorial del personal docente no universitario relativo a las medidas complementarias al II Plan para la conciliaci\u00f3n de la vida personal, familiar y laboral de las empleadas p\u00fablicas y de los empleados p\u00fablicos de la Administraci\u00f3n de la Junta de Comunidades de Castilla-La Mancha. [2018\/8934]<\/a><\/p>\n\n\n\n<hr class=\"wp-block-separator\"\/>\n\n\n\n<p><a href=\"https:\/\/docm.castillalamancha.es\/portaldocm\/descargarArchivo.do?ruta=2012\/07\/03\/pdf\/2012_9754.pdf&amp;tipo=rutaDocm\" target=\"_blank\" rel=\"noreferrer noopener\" aria-label=\"Orden de 02\/07\/2012, de la Consejer\u00eda de Educaci\u00f3n, Cultura y Deportes, por la que se dictan instrucciones que regulan la organizaci\u00f3n y funcionamiento de las Escuelas de Arte en la Comunidad Aut\u00f3noma de Castilla-La Mancha. [2012\/9754] (opens in a new tab)\">Orden de 02\/07\/2012, de la Consejer\u00eda de Educaci\u00f3n, Cultura y Deportes, por la que se dictan instrucciones que regulan la organizaci\u00f3n y funcionamiento de las Escuelas de Arte en la Comunidad Aut\u00f3noma de Castilla-La Mancha. [2012\/9754]<\/a><\/p>\n\n\n\n<hr class=\"wp-block-separator\"\/>\n\n\n\n<p><a href=\"https:\/\/docm.castillalamancha.es\/portaldocm\/descargarArchivo.do?ruta=2012\/07\/03\/pdf\/2012_9756.pdf&amp;tipo=rutaDocm\" target=\"_blank\" rel=\"noreferrer noopener\" aria-label=\"Orden de 02\/07\/2012, de la Consejer\u00eda de Educaci\u00f3n, Cultura y Deportes, por la que se dictan instrucciones que regulan la organizaci\u00f3n y funcionamiento de los centros p\u00fablicos de educaci\u00f3n especial en la Comunidad Aut\u00f3noma de Castilla-La Mancha. [2012\/9756] (opens in a new tab)\">Orden de 02\/07\/2012, de la Consejer\u00eda de Educaci\u00f3n, Cultura y Deportes, por la que se dictan instrucciones que regulan la organizaci\u00f3n y funcionamiento de los centros p\u00fablicos de educaci\u00f3n especial en la Comunidad Aut\u00f3noma de Castilla-La Mancha. [2012\/9756]<\/a><\/p>\n\n\n\n<hr class=\"wp-block-separator\"\/>\n\n\n\n<p><a href=\"https:\/\/docm.castillalamancha.es\/portaldocm\/descargarArchivo.do?ruta=2012\/07\/03\/pdf\/2012_9757.pdf&amp;tipo=rutaDocm\" target=\"_blank\" rel=\"noreferrer noopener\" aria-label=\"Orden de 02\/07\/2012, de la Consejer\u00eda de Educaci\u00f3n, Cultura y Deportes, por la que se dictan instrucciones que regulan la organizaci\u00f3n y funcionamiento de las escuelas oficiales de idiomas en la Comunidad Aut\u00f3noma de Castilla-La Mancha. [2012\/9757] (opens in a new tab)\">Orden de 02\/07\/2012, de la Consejer\u00eda de Educaci\u00f3n, Cultura y Deportes, por la que se dictan instrucciones que regulan la organizaci\u00f3n y funcionamiento de las escuelas oficiales de idiomas en la Comunidad Aut\u00f3noma de Castilla-La Mancha. [2012\/9757]<\/a><\/p>\n\n\n\n<hr class=\"wp-block-separator\"\/>\n\n\n\n<p><a href=\"https:\/\/docm.castillalamancha.es\/portaldocm\/descargarArchivo.do?ruta=2012\/07\/03\/pdf\/2012_9758.pdf&amp;tipo=rutaDocm\" target=\"_blank\" rel=\"noreferrer noopener\" aria-label=\"Orden de 02\/07\/2012, de la Consejer\u00eda de Educaci\u00f3n, Cultura y Deportes, por la que se dictan instrucciones que regulan la organizaci\u00f3n y funcionamiento de los colegios de educaci\u00f3n infantil y primaria en la Comunidad Aut\u00f3noma de Castilla-La Mancha. [2012\/9758] (opens in a new tab)\">Orden de 02\/07\/2012, de la Consejer\u00eda de Educaci\u00f3n, Cultura y Deportes, por la que se dictan instrucciones que regulan la organizaci\u00f3n y funcionamiento de los colegios de educaci\u00f3n infantil y primaria en la Comunidad Aut\u00f3noma de Castilla-La Mancha. [2012\/9758]<\/a><\/p>\n\n\n\n<hr class=\"wp-block-separator\"\/>\n\n\n\n<p><a href=\"https:\/\/docm.castillalamancha.es\/portaldocm\/descargarArchivo.do?ruta=2012\/07\/03\/pdf\/2012_9763.pdf&amp;tipo=rutaDocm\" target=\"_blank\" rel=\"noreferrer noopener\" aria-label=\"Orden de 02\/07\/2012, de la Consejer\u00eda de Educaci\u00f3n, Cultura y Deportes, por la que se dictan instrucciones que regulan la organizaci\u00f3n y funcionamiento de los conservatorios de m\u00fasica y danza en la Comunidad Aut\u00f3noma de Castilla-La Mancha. [2012\/9763] (opens in a new tab)\">Orden de 02\/07\/2012, de la Consejer\u00eda de Educaci\u00f3n, Cultura y Deportes, por la que se dictan instrucciones que regulan la organizaci\u00f3n y funcionamiento de los conservatorios de m\u00fasica y danza en la Comunidad Aut\u00f3noma de Castilla-La Mancha. [2012\/9763]<\/a><\/p>\n\n\n\n<hr class=\"wp-block-separator\"\/>\n\n\n\n<p><a href=\"https:\/\/docm.castillalamancha.es\/portaldocm\/descargarArchivo.do?ruta=2012\/07\/03\/pdf\/2012_9771.pdf&amp;tipo=rutaDocm\" target=\"_blank\" rel=\"noreferrer noopener\" aria-label=\"Orden de 02\/07\/2012, de la Consejer\u00eda de Educaci\u00f3n, Cultura y Deportes, por la que se dictan instrucciones que regulan la organizaci\u00f3n y funcionamiento de los institutos de educaci\u00f3n secundaria en la Comunidad Aut\u00f3noma de Castilla-La Mancha. [2012\/9771] (opens in a new tab)\">Orden de 02\/07\/2012, de la Consejer\u00eda de Educaci\u00f3n, Cultura y Deportes, por la que se dictan instrucciones que regulan la organizaci\u00f3n y funcionamiento de los institutos de educaci\u00f3n secundaria en la Comunidad Aut\u00f3noma de Castilla-La Mancha. [2012\/9771]<\/a><\/p>\n\n\n\n<hr class=\"wp-block-separator\"\/>\n\n\n\n<p><a href=\"https:\/\/nube.castillalamancha.es\/index.php\/s\/K1pOTkwyyBBvYlh#pdfviewer\" target=\"_blank\" rel=\"noreferrer noopener\" aria-label=\"Instrucci\u00f3n de la Direcci\u00f3n General de Recursos Humanos y Planificaci\u00f3n Educativa, sobre los d\u00edas de ausencia por enfermedad o accidente que no dan lugar a una situaci\u00f3n de incapacidad laboral.\n (opens in a new tab)\">Instrucci\u00f3n de la Direcci\u00f3n General de Recursos Humanos y Planificaci\u00f3n Educativa, sobre los d\u00edas de ausencia por enfermedad o accidente que no dan lugar a una situaci\u00f3n de incapacidad laboral.<\/a><br><\/p>\n\n\n\n<hr class=\"wp-block-separator\"\/>\n\n\n\n<p><a href=\"https:\/\/docm.castillalamancha.es\/portaldocm\/descargarArchivo.do?ruta=2016\/03\/03\/pdf\/2016_1919.pdf&amp;tipo=rutaDocm\" target=\"_blank\" rel=\"noreferrer noopener\" aria-label=\"Resoluci\u00f3n de 17\/02\/2016, de la Direcci\u00f3n General de Trabajo, Formaci\u00f3n y Seguridad Laboral, por la que se registra y publica el Acuerdo de la Mesa General de Negociaci\u00f3n de los Empleados P\u00fablicos de Castilla-La Mancha. [2016\/1919] (opens in a new tab)\">Resoluci\u00f3n de 17\/02\/2016, de la Direcci\u00f3n General de Trabajo, Formaci\u00f3n y Seguridad Laboral, por la que se registra y publica el Acuerdo de la Mesa General de Negociaci\u00f3n de los Empleados P\u00fablicos de Castilla-La Mancha. [2016\/1919]<\/a><\/p>\n\n\n\n<hr class=\"wp-block-separator\"\/>\n\n\n\n<p><a href=\"https:\/\/www.boe.es\/buscar\/pdf\/2011\/BOE-A-2011-7752-consolidado.pdf\" target=\"_blank\" rel=\"noreferrer noopener\" aria-label=\"Ley 4\/2011, de 10 de marzo, del Empleo P\u00fablico de Castilla-La Mancha. (opens in a new tab)\">Ley 4\/2011, de 10 de marzo, del Empleo P\u00fablico de Castilla-La Mancha.<\/a><\/p>\n\n\n\n<hr class=\"wp-block-separator\"\/>\n\n\n\n<p><a href=\"https:\/\/docm.castillalamancha.es\/portaldocm\/descargarArchivo.do?ruta=2012\/05\/30\/pdf\/2012_8041.pdf&amp;tipo=rutaDocm\" target=\"_blank\" rel=\"noreferrer noopener\" aria-label=\"Resoluci\u00f3n de 08\/05\/2012, de la Viceconsejer\u00eda de Educaci\u00f3n, Universidades e Investigaci\u00f3n, por la que se publican las instrucciones sobre el procedimiento de actuaci\u00f3n ante situaciones que requieran justificaci\u00f3n de las ausencias al trabajo por enfermedad com\u00fan o accidente no laboral. [2012\/8041] (opens in a new tab)\">Resoluci\u00f3n de 08\/05\/2012, de la Viceconsejer\u00eda de Educaci\u00f3n, Universidades e Investigaci\u00f3n, por la que se publican las instrucciones sobre el procedimiento de actuaci\u00f3n ante situaciones que requieran justificaci\u00f3n de las ausencias al trabajo por enfermedad com\u00fan o accidente no laboral. [2012\/8041]<\/a><\/p>\n\n\n\n<hr class=\"wp-block-separator\"\/>\n\n\n\n<p><a href=\"https:\/\/www.boe.es\/buscar\/pdf\/2012\/BOE-A-2012-9364-consolidado.pdf\" target=\"_blank\" rel=\"noreferrer noopener\" aria-label=\"Real Decreto-ley 20\/2012, de 13 de julio, de medidas para garantizar la estabilidad presupuestaria y de fomento de la competitividad. (opens in a new tab)\">Real Decreto-ley 20\/2012, de 13 de julio, de medidas para garantizar la estabilidad presupuestaria y de fomento de la competitividad.<\/a><\/p>\n\n\n\n<hr class=\"wp-block-separator\"\/>\n\n\n\n<p><a href=\"https:\/\/www.boe.es\/boe\/dias\/2014\/02\/10\/pdfs\/BOE-A-2014-1369.pdf\" target=\"_blank\" rel=\"noreferrer noopener\" aria-label=\"Ley 9\/2013, de 12 de diciembre, de Acompa\u00f1amiento a los Presupuestos Generales de la Junta de Comunidades de Castilla-La Mancha para 2014. (opens in a new tab)\">Ley 9\/2013, de 12 de diciembre, de Acompa\u00f1amiento a los Presupuestos Generales de la Junta de Comunidades de Castilla-La Mancha para 2014.<\/a><\/p>\n\n\n\n<hr class=\"wp-block-separator\"\/>\n\n\n\n<p><a href=\"https:\/\/www.boe.es\/buscar\/pdf\/2015\/BOE-A-2015-11719-consolidado.pdf\" target=\"_blank\" rel=\"noreferrer noopener\" aria-label=\"Real Decreto Legislativo 5\/2015, de 30 de octubre, por el que se aprueba el texto refundido de la Ley del Estatuto B\u00e1sico del Empleado P\u00fablico. (opens in a new tab)\">Real Decreto Legislativo 5\/2015, de 30 de octubre, por el que se aprueba el texto refundido de la Ley del Estatuto B\u00e1sico del Empleado P\u00fablico.<\/a><\/p>\n\n\n\n<hr class=\"wp-block-separator\"\/>\n\n\n\n<p><a href=\"https:\/\/www.boe.es\/buscar\/pdf\/2018\/BOE-A-2018-9268-consolidado.pdf\" target=\"_blank\" rel=\"noreferrer noopener\" aria-label=\"Ley 6\/2018, de 3 de julio, de Presupuestos Generales del Estado para el a\u00f1o 2018. (opens in a new tab)\">Ley 6\/2018, de 3 de julio, de Presupuestos Generales del Estado para el a\u00f1o 2018.<\/a><\/p>\n\n\n\n<hr class=\"wp-block-separator\"\/>\n\n\n\n<p><a href=\"https:\/\/www.boe.es\/buscar\/pdf\/1964\/BOE-A-1964-2140-consolidado.pdf\" target=\"_blank\" rel=\"noreferrer noopener\" aria-label=\"Decreto 315\/1964, de 7 de febrero, por el que se aprueba la Ley articulada de Funcionarios Civiles del Estado. (opens in a new tab)\">Decreto 315\/1964, de 7 de febrero, por el que se aprueba la Ley articulada de Funcionarios Civiles del Estado.<\/a><\/p>\n\n\n\n<hr class=\"wp-block-separator\"\/>\n\n\n\n<p><a href=\"https:\/\/www.boe.es\/buscar\/pdf\/2012\/BOE-A-2012-13950-consolidado.pdf\" target=\"_blank\" rel=\"noreferrer noopener\" aria-label=\"Ley 6\/2012, de 2 de agosto, de acompa\u00f1amiento de la Ley 1\/2012, de 21 de febrero, de Medidas Complementarias para la Aplicaci\u00f3n del Plan de Garant\u00eda de los Servicios Sociales B\u00e1sicos de Castilla-La Mancha. (opens in a new tab)\">Ley 6\/2012, de 2 de agosto, de acompa\u00f1amiento de la Ley 1\/2012, de 21 de febrero, de Medidas Complementarias para la Aplicaci\u00f3n del Plan de Garant\u00eda de los Servicios Sociales B\u00e1sicos de Castilla-La Mancha.<\/a><\/p>\n\n\n\n<hr class=\"wp-block-separator\"\/>\n\n\n\n<p><a href=\"https:\/\/www.boe.es\/buscar\/pdf\/1995\/BOE-A-1995-8730-consolidado.pdf\" target=\"_blank\" rel=\"noreferrer noopener\" aria-label=\"Real Decreto 365\/1995, de 10 de marzo, por el que se aprueba el Reglamento de Situaciones Administrativas de los Funcionarios Civiles de la Administraci\u00f3n General del Estado. (opens in a new tab)\">Real Decreto 365\/1995, de 10 de marzo, por el que se aprueba el Reglamento de Situaciones Administrativas de los Funcionarios Civiles de la Administraci\u00f3n General del Estado.<\/a><\/p>\n","protected":false},"excerpt":{"rendered":"<p> [&hellip;]<\/p>\n","protected":false},"author":2,"featured_media":0,"parent":0,"menu_order":0,"comment_status":"closed","ping_status":"closed","template":"page-templates\/page_fullwidth.php","meta":[],"_links":{"self":[{"href":"https:\/\/ste-clm.com\/permisos3\/wp-json\/wp\/v2\/pages\/1258"}],"collection":[{"href":"https:\/\/ste-clm.com\/permisos3\/wp-json\/wp\/v2\/pages"}],"about":[{"href":"https:\/\/ste-clm.com\/permisos3\/wp-json\/wp\/v2\/types\/page"}],"author":[{"embeddable":true,"href":"https:\/\/ste-clm.com\/permisos3\/wp-json\/wp\/v2\/users\/2"}],"replies":[{"embeddable":true,"href":"https:\/\/ste-clm.com\/permisos3\/wp-json\/wp\/v2\/comments?post=1258"}],"version-history":[{"count":0,"href":"https:\/\/ste-clm.com\/permisos3\/wp-json\/wp\/v2\/pages\/1258\/revisions"}],"wp:attachment":[{"href":"https:\/\/ste-clm.com\/permisos3\/wp-json\/wp\/v2\/media?parent=1258"}],"curies":[{"name":"wp","href":"https:\/\/api.w.org\/{rel}","templated":true}]}}